{"id":6122,"date":"2025-04-22T08:26:07","date_gmt":"2025-04-22T08:26:07","guid":{"rendered":"https:\/\/sg2i.com\/concilium\/?page_id=6122"},"modified":"2025-04-28T08:26:19","modified_gmt":"2025-04-28T08:26:19","slug":"nos-services","status":"publish","type":"page","link":"https:\/\/sg2i.com\/concilium\/index.php\/nos-services\/","title":{"rendered":"Nos Services"},"content":{"rendered":"\t\t<div data-elementor-type=\"wp-page\" data-elementor-id=\"6122\" class=\"elementor elementor-6122\">\n\t\t\t\t<div class=\"elementor-element elementor-element-522faa5 e-flex e-con-boxed e-con e-parent\" data-id=\"522faa5\" data-element_type=\"container\">\n\t\t\t\t\t<div class=\"e-con-inner\">\n\t\t<div class=\"elementor-element elementor-element-6e2c596 e-con-full e-flex e-con e-child\" data-id=\"6e2c596\" data-element_type=\"container\">\n\t\t\t\t<div class=\"elementor-element elementor-element-680c28a elementor-widget elementor-widget-ct_heading\" data-id=\"680c28a\" data-element_type=\"widget\" data-widget_type=\"ct_heading.default\">\n\t\t\t\t<div class=\"elementor-widget-container\">\n\t\t\t\t\t<div id=\"ct_heading-680c28a\" class=\"ct-heading h-align- sub-style1 ct-heading-left item-st-default\">\r\n\t<div class=\"ct-item--inner\">\r\n        <div class=\"ct-inline-css\"  data-css=\"\r\n            \">\r\n        <\/div>\r\n            \t\t<div class=\"item--sub-title style1 show-line\">\r\n                                                Services                                                            <\/div>\r\n    \t        <h3 class=\"item--title st-default case-animate-time\" data-wow-delay=\"ms\">\r\n                        <span class=\"sp-main\">\r\n                \r\n                Des services sur mesure en comptabilit\u00e9, audit et conseil.\r\n                \r\n                            <\/span>\r\n                    <\/h3>\r\n    <\/div>\r\n<\/div>\t\t\t\t<\/div>\n\t\t\t\t<\/div>\n\t\t\t\t<\/div>\n\t\t<div class=\"elementor-element elementor-element-9428475 e-con-full e-flex e-con e-child\" data-id=\"9428475\" data-element_type=\"container\">\n\t\t\t\t<div class=\"elementor-element elementor-element-77b2f1f elementor-widget elementor-widget-text-editor\" data-id=\"77b2f1f\" data-element_type=\"widget\" data-widget_type=\"text-editor.default\">\n\t\t\t\t<div class=\"elementor-widget-container\">\n\t\t\t\t\t\t\t\t\t<p>Chez CONCILIUM EXPERTISE, nous proposons une gamme compl\u00e8te de services sp\u00e9cialis\u00e9s en expertise comptable, audit et conseil, adapt\u00e9s aux besoins pr\u00e9cis de chaque entreprise.<\/p>\t\t\t\t\t\t\t\t<\/div>\n\t\t\t\t<\/div>\n\t\t\t\t<\/div>\n\t\t\t\t\t<\/div>\n\t\t\t\t<\/div>\n\t\t<div class=\"elementor-element elementor-element-70fa3ea e-flex e-con-boxed e-con e-parent\" data-id=\"70fa3ea\" data-element_type=\"container\">\n\t\t\t\t\t<div class=\"e-con-inner\">\n\t\t\t\t<div class=\"elementor-element elementor-element-529b1f0 elementor-widget elementor-widget-ct_service_carousel\" data-id=\"529b1f0\" data-element_type=\"widget\" data-widget_type=\"ct_service_carousel.default\">\n\t\t\t\t<div class=\"elementor-widget-container\">\n\t\t\t\t\t\r\n<div id=\"ct_service_carousel-529b1f0\" class=\"ct-service-carousel2 ct-slick-slider style2\">\r\n    <div class=\"ct-carousel-inner\">\r\n        <div class=\"ct-slick-carousel\" data-arrows=\"\" data-dots=\"false\" data-pauseOnHover=\"false\" data-autoplay=\"true\" data-autoplaySpeed=\"3000\" data-infinite=\"false\" data-speed=\"500\" data-colxs=\"1\" data-colsm=\"2\" data-colmd=\"3\" data-collg=\"3\" data-colxl=\"3\" data-dir=\"false\" data-slidesToScroll=\"1\">\r\n                    <div class=\"carousel-item slick-slide\">\r\n                <div class=\"grid-item-inner \">\r\n                    <div class=\"grid-item-holder\">\r\n                        <div class=\"item--overlay\"><\/div>\r\n                        \r\n                                                    <div class=\"item--icon\">\r\n                                <img decoding=\"async\" width=\"48\" height=\"48\" src=\"https:\/\/sg2i.com\/concilium\/wp-content\/uploads\/2020\/02\/icon-audit.png\" class=\"attachment-full\" alt=\"\" \/>                            <\/div>\r\n                        \r\n                                                    <h3 class=\"item--title\"><a href=\"https:\/\/sg2i.com\/concilium\/index.php\/service\/audit\/\">Audit<\/a><\/h3>\r\n                                                                            <div class=\"item--content\">\r\n                                Audit et commissariat aux comptes pour une information financi\u00e8re fiable et transparente.                            <\/div>\r\n                                                                                                    <div class=\"item--icon-abs\">\r\n                                <img decoding=\"async\" width=\"48\" height=\"48\" src=\"https:\/\/sg2i.com\/concilium\/wp-content\/uploads\/2020\/02\/icon-audit.png\" class=\"attachment-full\" alt=\"\" \/>                            <\/div>\r\n                                            <\/div>\r\n                <\/div>\r\n            <\/div>\r\n                    <div class=\"carousel-item slick-slide\">\r\n                <div class=\"grid-item-inner \">\r\n                    <div class=\"grid-item-holder\">\r\n                        <div class=\"item--overlay\"><\/div>\r\n                        \r\n                                                    <div class=\"item--icon\">\r\n                                <img decoding=\"async\" width=\"48\" height=\"48\" src=\"https:\/\/sg2i.com\/concilium\/wp-content\/uploads\/2025\/04\/Accountant-1.png\" class=\"attachment-full\" alt=\"\" \/>                            <\/div>\r\n                        \r\n                                                    <h3 class=\"item--title\"><a href=\"https:\/\/sg2i.com\/concilium\/index.php\/service\/expertise-comptable\/\">Expertise Comptable<\/a><\/h3>\r\n                                                                            <div class=\"item--content\">\r\n                                Comptabilit\u00e9 et reporting pour une vision claire de votre performance.                            <\/div>\r\n                                                                                                    <div class=\"item--icon-abs\">\r\n                                <img decoding=\"async\" width=\"48\" height=\"48\" src=\"https:\/\/sg2i.com\/concilium\/wp-content\/uploads\/2025\/04\/Accountant-1.png\" class=\"attachment-full\" alt=\"\" \/>                            <\/div>\r\n                                            <\/div>\r\n                <\/div>\r\n            <\/div>\r\n                    <div class=\"carousel-item slick-slide\">\r\n                <div class=\"grid-item-inner \">\r\n                    <div class=\"grid-item-holder\">\r\n                        <div class=\"item--overlay\"><\/div>\r\n                        \r\n                                                    <div class=\"item--icon\">\r\n                                <img decoding=\"async\" width=\"50\" height=\"50\" src=\"https:\/\/sg2i.com\/concilium\/wp-content\/uploads\/2025\/04\/Tax-2.png\" class=\"attachment-full\" alt=\"\" \/>                            <\/div>\r\n                        \r\n                                                    <h3 class=\"item--title\"><a href=\"https:\/\/sg2i.com\/concilium\/index.php\/service\/tax\/\">Tax<\/a><\/h3>\r\n                                                                            <div class=\"item--content\">\r\n                                Conseil et gestion fiscale pour optimiser votre strat\u00e9gie.                            <\/div>\r\n                                                                                                    <div class=\"item--icon-abs\">\r\n                                <img decoding=\"async\" width=\"50\" height=\"50\" src=\"https:\/\/sg2i.com\/concilium\/wp-content\/uploads\/2025\/04\/Tax-2.png\" class=\"attachment-full\" alt=\"\" \/>                            <\/div>\r\n                                            <\/div>\r\n                <\/div>\r\n            <\/div>\r\n                <\/div>\r\n    <\/div>\r\n<\/div>\r\n\t\t\t\t<\/div>\n\t\t\t\t<\/div>\n\t\t\t\t<div class=\"elementor-element elementor-element-8d6822f elementor-widget elementor-widget-ct_service_carousel\" data-id=\"8d6822f\" data-element_type=\"widget\" data-widget_type=\"ct_service_carousel.default\">\n\t\t\t\t<div class=\"elementor-widget-container\">\n\t\t\t\t\t\r\n<div id=\"ct_service_carousel-8d6822f\" class=\"ct-service-carousel2 ct-slick-slider style2\">\r\n    <div class=\"ct-carousel-inner\">\r\n        <div class=\"ct-slick-carousel\" data-arrows=\"\" data-dots=\"false\" data-pauseOnHover=\"true\" data-autoplay=\"true\" data-autoplaySpeed=\"3000\" data-infinite=\"false\" data-speed=\"500\" data-colxs=\"1\" data-colsm=\"2\" data-colmd=\"3\" data-collg=\"3\" data-colxl=\"3\" data-dir=\"false\" data-slidesToScroll=\"1\">\r\n                    <div class=\"carousel-item slick-slide\">\r\n                <div class=\"grid-item-inner \">\r\n                    <div class=\"grid-item-holder\">\r\n                        <div class=\"item--overlay\"><\/div>\r\n                        \r\n                                                    <div class=\"item--icon\">\r\n                                <img loading=\"lazy\" decoding=\"async\" width=\"48\" height=\"48\" src=\"https:\/\/sg2i.com\/concilium\/wp-content\/uploads\/2025\/04\/Scales.png\" class=\"attachment-full\" alt=\"\" \/>                            <\/div>\r\n                        \r\n                                                    <h3 class=\"item--title\"><a href=\"https:\/\/sg2i.com\/concilium\/index.php\/service\/legal-social\/\">L\u00e9gal &#038; Social<\/a><\/h3>\r\n                                                                            <div class=\"item--content\">\r\n                                Accompagnement juridique, social et RH d\u00e8s la cr\u00e9ation.                            <\/div>\r\n                                                                                                    <div class=\"item--icon-abs\">\r\n                                <img loading=\"lazy\" decoding=\"async\" width=\"48\" height=\"48\" src=\"https:\/\/sg2i.com\/concilium\/wp-content\/uploads\/2025\/04\/Scales.png\" class=\"attachment-full\" alt=\"\" \/>                            <\/div>\r\n                                            <\/div>\r\n                <\/div>\r\n            <\/div>\r\n                    <div class=\"carousel-item slick-slide\">\r\n                <div class=\"grid-item-inner \">\r\n                    <div class=\"grid-item-holder\">\r\n                        <div class=\"item--overlay\"><\/div>\r\n                        \r\n                                                    <div class=\"item--icon\">\r\n                                <img loading=\"lazy\" decoding=\"async\" width=\"48\" height=\"48\" src=\"https:\/\/sg2i.com\/concilium\/wp-content\/uploads\/2025\/04\/Collaboration-1.png\" class=\"attachment-full\" alt=\"\" \/>                            <\/div>\r\n                        \r\n                                                    <h3 class=\"item--title\"><a href=\"https:\/\/sg2i.com\/concilium\/index.php\/service\/consulting\/\">Consulting<\/a><\/h3>\r\n                                                                            <div class=\"item--content\">\r\n                                Conseil en contr\u00f4le interne, financement et gestion de la performance.                            <\/div>\r\n                                                                                                    <div class=\"item--icon-abs\">\r\n                                <img loading=\"lazy\" decoding=\"async\" width=\"48\" height=\"48\" src=\"https:\/\/sg2i.com\/concilium\/wp-content\/uploads\/2025\/04\/Collaboration-1.png\" class=\"attachment-full\" alt=\"\" \/>                            <\/div>\r\n                                            <\/div>\r\n                <\/div>\r\n            <\/div>\r\n                    <div class=\"carousel-item slick-slide\">\r\n                <div class=\"grid-item-inner \">\r\n                    <div class=\"grid-item-holder\">\r\n                        <div class=\"item--overlay\"><\/div>\r\n                        \r\n                                                    <div class=\"item--icon\">\r\n                                <img loading=\"lazy\" decoding=\"async\" width=\"42\" height=\"42\" src=\"https:\/\/sg2i.com\/concilium\/wp-content\/uploads\/2025\/04\/Exchange-Money-2.png\" class=\"attachment-full\" alt=\"\" \/>                            <\/div>\r\n                        \r\n                                                    <h3 class=\"item--title\"><a href=\"https:\/\/sg2i.com\/concilium\/index.php\/service\/transactions\/\">Transactions<\/a><\/h3>\r\n                                                                            <div class=\"item--content\">\r\n                                Accompagnement en croissance externe, due diligence et \u00e9valuation.                            <\/div>\r\n                                                                                                    <div class=\"item--icon-abs\">\r\n                                <img loading=\"lazy\" decoding=\"async\" width=\"42\" height=\"42\" src=\"https:\/\/sg2i.com\/concilium\/wp-content\/uploads\/2025\/04\/Exchange-Money-2.png\" class=\"attachment-full\" alt=\"\" \/>                            <\/div>\r\n                                            <\/div>\r\n                <\/div>\r\n            <\/div>\r\n                <\/div>\r\n    <\/div>\r\n<\/div>\r\n\t\t\t\t<\/div>\n\t\t\t\t<\/div>\n\t\t\t\t\t<\/div>\n\t\t\t\t<\/div>\n\t\t\t\t<\/div>\n\t\t","protected":false},"excerpt":{"rendered":"<p>Services Des services sur mesure en comptabilit\u00e9, audit et conseil. Chez CONCILIUM EXPERTISE, nous proposons une gamme compl\u00e8te de services sp\u00e9cialis\u00e9s en expertise comptable, audit et conseil, adapt\u00e9s aux besoins pr\u00e9cis de chaque entreprise. Audit Audit et commissariat aux comptes pour une information financi\u00e8re fiable et transparente. Expertise Comptable Comptabilit\u00e9 et reporting pour une vision [&hellip;]<\/p>\n","protected":false},"author":1,"featured_media":0,"parent":0,"menu_order":0,"comment_status":"closed","ping_status":"closed","template":"","meta":{"footnotes":""},"class_list":["post-6122","page","type-page","status-publish","hentry"],"_links":{"self":[{"href":"https:\/\/sg2i.com\/concilium\/index.php\/wp-json\/wp\/v2\/pages\/6122","targetHints":{"allow":["GET"]}}],"collection":[{"href":"https:\/\/sg2i.com\/concilium\/index.php\/wp-json\/wp\/v2\/pages"}],"about":[{"href":"https:\/\/sg2i.com\/concilium\/index.php\/wp-json\/wp\/v2\/types\/page"}],"author":[{"embeddable":true,"href":"https:\/\/sg2i.com\/concilium\/index.php\/wp-json\/wp\/v2\/users\/1"}],"replies":[{"embeddable":true,"href":"https:\/\/sg2i.com\/concilium\/index.php\/wp-json\/wp\/v2\/comments?post=6122"}],"version-history":[{"count":61,"href":"https:\/\/sg2i.com\/concilium\/index.php\/wp-json\/wp\/v2\/pages\/6122\/revisions"}],"predecessor-version":[{"id":6706,"href":"https:\/\/sg2i.com\/concilium\/index.php\/wp-json\/wp\/v2\/pages\/6122\/revisions\/6706"}],"wp:attachment":[{"href":"https:\/\/sg2i.com\/concilium\/index.php\/wp-json\/wp\/v2\/media?parent=6122"}],"curies":[{"name":"wp","href":"https:\/\/api.w.org\/{rel}","templated":true}]}}