{"id":6003,"date":"2025-04-21T14:59:12","date_gmt":"2025-04-21T14:59:12","guid":{"rendered":"https:\/\/sg2i.com\/concilium\/?page_id=6003"},"modified":"2025-05-12T13:51:14","modified_gmt":"2025-05-12T13:51:14","slug":"nos-metiers","status":"publish","type":"page","link":"https:\/\/sg2i.com\/concilium\/index.php\/nos-metiers\/","title":{"rendered":"Nos m\u00e9tiers"},"content":{"rendered":"\t\t<div data-elementor-type=\"wp-page\" data-elementor-id=\"6003\" class=\"elementor elementor-6003\">\n\t\t\t\t        <section class=\"elementor-section elementor-top-section elementor-element elementor-element-6d5bbea elementor-section-stretched elementor-section-boxed elementor-section-height-default elementor-section-height-default ct-header-fixed-none ct-row-max-none\" data-id=\"6d5bbea\" data-element_type=\"section\" data-settings=\"{&quot;stretch_section&quot;:&quot;section-stretched&quot;,&quot;background_background&quot;:&quot;classic&quot;}\">\n            \n                        <div class=\"elementor-container elementor-column-gap-extended \">\n                    <div class=\"elementor-column elementor-col-100 elementor-top-column elementor-element elementor-element-c4af08f\" data-id=\"c4af08f\" data-element_type=\"column\">\n        <div class=\"elementor-widget-wrap elementor-element-populated\">\n                    \n                <section class=\"elementor-section elementor-inner-section elementor-element elementor-element-8569c25 elementor-section-content-middle elementor-section-boxed elementor-section-height-default elementor-section-height-default ct-header-fixed-none ct-row-max-none\" data-id=\"8569c25\" data-element_type=\"section\">\n            \n                        <div class=\"elementor-container elementor-column-gap-extended \">\n                    <div class=\"elementor-column elementor-col-50 elementor-inner-column elementor-element elementor-element-9d965fb\" data-id=\"9d965fb\" data-element_type=\"column\">\n        <div class=\"elementor-widget-wrap elementor-element-populated\">\n                    \n        \t\t<div class=\"elementor-element elementor-element-923ae11 elementor-widget elementor-widget-ct_heading\" data-id=\"923ae11\" data-element_type=\"widget\" data-widget_type=\"ct_heading.default\">\n\t\t\t\t<div class=\"elementor-widget-container\">\n\t\t\t\t\t<div id=\"ct_heading-923ae11\" class=\"ct-heading h-align- sub-style2 ct-heading-left item-st-default\">\r\n\t<div class=\"ct-item--inner\">\r\n        <div class=\"ct-inline-css\"  data-css=\"\r\n            \">\r\n        <\/div>\r\n            \t\t<div class=\"item--sub-title style2 show-line\">\r\n                                                Cabinet                                                            <\/div>\r\n    \t        <h3 class=\"item--title st-default case-animate-time\" data-wow-delay=\"ms\">\r\n                        <span class=\"sp-main\">\r\n                \r\n                Une offre globale en comptabilit\u00e9, audit et conseil, taill\u00e9e pour votre entreprise\r\n                \r\n                            <\/span>\r\n                    <\/h3>\r\n    <\/div>\r\n<\/div>\t\t\t\t<\/div>\n\t\t\t\t<\/div>\n\t\t            <\/div>\n        <\/div>\n                <div class=\"elementor-column elementor-col-50 elementor-inner-column elementor-element elementor-element-f43137f\" data-id=\"f43137f\" data-element_type=\"column\">\n        <div class=\"elementor-widget-wrap elementor-element-populated\">\n                    \n        \t\t<div class=\"elementor-element elementor-element-bf8b4bb wow fadeInRight elementor-widget elementor-widget-text-editor\" data-id=\"bf8b4bb\" data-element_type=\"widget\" data-widget_type=\"text-editor.default\">\n\t\t\t\t<div class=\"elementor-widget-container\">\n\t\t\t\t\t\t\t\t\t<p>Chez CONCILIUM EXPERTISE, nous proposons une gamme compl\u00e8te de services sp\u00e9cialis\u00e9s en expertise comptable, audit et conseil, adapt\u00e9s aux besoins pr\u00e9cis de chaque entreprise.<\/p>\t\t\t\t\t\t\t\t<\/div>\n\t\t\t\t<\/div>\n\t\t            <\/div>\n        <\/div>\n                    <\/div>\n        <\/section>\n        \t\t<div class=\"elementor-element elementor-element-3a0fa63 elementor-widget elementor-widget-ct_tabs\" data-id=\"3a0fa63\" data-element_type=\"widget\" data-widget_type=\"ct_tabs.default\">\n\t\t\t\t<div class=\"elementor-widget-container\">\n\t\t\t\t\t            <div class=\"ct-tabs ct-tabs--layout1 type-horizontal style1\">\n                <div class=\"ct-tabs-title\">\n                                            <span class=\"ct-tab-title active\" data-target=\"#ct_tabs-3a0fa63-5a15c8d\">\n                                                                                    Audit        \n                        <\/span>\n                                            <span class=\"ct-tab-title \" data-target=\"#ct_tabs-3a0fa63-c880755\">\n                                                                                    Expertise comptable         \n                        <\/span>\n                                            <span class=\"ct-tab-title \" data-target=\"#ct_tabs-3a0fa63-038510f\">\n                                                                                    Tax        \n                        <\/span>\n                                            <span class=\"ct-tab-title \" data-target=\"#ct_tabs-3a0fa63-3c9b563\">\n                                                                                    L\u00e9gal & social         \n                        <\/span>\n                                            <span class=\"ct-tab-title \" data-target=\"#ct_tabs-3a0fa63-e43c4db\">\n                                                                                    Consulting        \n                        <\/span>\n                                            <span class=\"ct-tab-title \" data-target=\"#ct_tabs-3a0fa63-8516810\">\n                                                                                    Transactions         \n                        <\/span>\n                                    <\/div>\n\n                <div class=\"ct-tabs-content\">\n                                            <div class=\"ct-tab-content \" id=\"ct_tabs-3a0fa63-5a15c8d\" style=\"display:block;\"><p>Chez <strong>Concilium Expertise<\/strong>, cabinet d\u2019expertise comptable au Maroc, nous r\u00e9alisons des missions d\u2019audit financier d\u2019entreprise et de commissariat aux comptes, conform\u00e9ment aux normes professionnelles marocaines et internationales.<\/p><p>Nos interventions visent \u00e0 garantir la fiabilit\u00e9 de l\u2019information financi\u00e8re, la transparence des \u00e9tats comptables et la conformit\u00e9 r\u00e9glementaire, tout en renfor\u00e7ant la gouvernance d\u2019entreprise.<\/p><p>Ce cadre rigoureux permet de renforcer la confiance des investisseurs, actionnaires et partenaires \u00e9conomiques.<\/p><p>En identifiant les risques financiers et en optimisant les dispositifs de contr\u00f4le interne, nous fournissons une assurance ind\u00e9pendante essentielle \u00e0 une prise de d\u00e9cision \u00e9clair\u00e9e et \u00e0 la s\u00e9curisation des op\u00e9rations de nos clients.<\/p><\/div>\n                                            <div class=\"ct-tab-content \" id=\"ct_tabs-3a0fa63-c880755\"><p>Faites confiance \u00e0 <strong>Concilium Expertise<\/strong>, dirig\u00e9 par un expert-comptable \u00e0 Casablanca, pour assurer une gestion comptable rigoureuse et conforme aux normes en vigueur.<\/p><p>Nous prenons en charge la tenue comptable, la supervision des op\u00e9rations financi\u00e8res et la production de reporting r\u00e9guliers, afin de vous offrir une vision claire et actualis\u00e9e de votre performance \u00e9conomique.<\/p><p>Notre accompagnement s\u2019adresse aussi bien aux entreprises \u00e9tablies qu\u2019aux start-up, en leur apportant un cadre comptable structur\u00e9, d\u00e8s les premi\u00e8res phases de leur d\u00e9veloppement.<\/p><\/div>\n                                            <div class=\"ct-tab-content \" id=\"ct_tabs-3a0fa63-038510f\"><p>Chez <strong>Concilium Expertise<\/strong>, nous offrons un service complet de conseil fiscal adapt\u00e9 \u00e0 la r\u00e9alit\u00e9 de votre entreprise, avec une approche proactive ax\u00e9e sur la conformit\u00e9 et la performance.<\/p><p>Nous assurons :<\/p><ul><li>La gestion de vos d\u00e9clarations fiscales,<\/li><li>L\u2019assistance en cas de contr\u00f4le fiscal,<\/li><li>L\u2019optimisation fiscale de votre entreprise, y compris l\u2019analyse des prix de transfert pour les groupes internationaux,<\/li><li>Le conseil en fiscalit\u00e9 locale et internationale.<\/li><\/ul><p>Notre objectif est de structurer vos flux fiscaux de mani\u00e8re optimale tout en respectant les cadres l\u00e9gaux marocains et internationaux, afin de limiter les risques fiscaux et maximiser votre rentabilit\u00e9.<\/p><\/div>\n                                            <div class=\"ct-tab-content \" id=\"ct_tabs-3a0fa63-3c9b563\"><p>Chez <strong>Concilium Expertise<\/strong>, nous vous accompagnons dans toutes les \u00e9tapes de la cr\u00e9ation d\u2019entreprise au Maroc, en assurant les d\u00e9marches juridiques de cr\u00e9ation de soci\u00e9t\u00e9, la domiciliation d\u2019entreprise \u00e0 Casablanca, ainsi que la gestion du secr\u00e9tariat juridique : modifications statutaires, approbation des comptes, tenue des registres l\u00e9gaux, etc.<\/p><p>Nous prenons \u00e9galement en charge la gestion de la paie externalis\u00e9e, en veillant \u00e0 la conformit\u00e9 sociale, aux d\u00e9clarations p\u00e9riodiques et \u00e0 l\u2019optimisation de la relation employeur-salari\u00e9.<\/p><p>Notre accompagnement juridique s\u2019adresse aussi bien aux grandes entreprises, PME, TPE, start-up qu\u2019aux filiales de groupes \u00e9trangers, avec un objectif constant : s\u00e9curiser vos op\u00e9rations, assurer votre conformit\u00e9 et vous lib\u00e9rer des contraintes administratives.<\/p><p>En tant que cabinet d\u2019expertise comptable au Maroc, nous mettons \u00e0 votre service une expertise transversale, fiable et r\u00e9active.<\/p><\/div>\n                                            <div class=\"ct-tab-content \" id=\"ct_tabs-3a0fa63-e43c4db\"><p>Chez <strong>Concilium Expertise<\/strong>, cabinet d\u2019expertise comptable au Maroc, nous mettons notre savoir-faire au service de votre d\u00e9veloppement \u00e0 travers un accompagnement strat\u00e9gique et op\u00e9rationnel.<\/p><p>Nos missions de consulting couvrent :<\/p><ul><li>La mise en place et l\u2019\u00e9valuation du contr\u00f4le interne,<\/li><li>Le conseil en financement et en gestion de tr\u00e9sorerie,<\/li><li>Les \u00e9tudes de faisabilit\u00e9 et la structuration de business plans au Maroc,<\/li><li>La r\u00e9alisation d\u2019inventaires physiques et d\u2019audits organisationnels,<\/li><li>L\u2019\u00e9laboration de syst\u00e8mes de contr\u00f4le de gestion adapt\u00e9s \u00e0 vos enjeux,<\/li><li>Le conseil en gestion patrimoniale, pour les dirigeants comme pour les actionnaires.<\/li><\/ul><p>Nous accompagnons aussi bien les start-up en phase de lancement que les PME et grandes entreprises souhaitant optimiser leur performance globale et s\u00e9curiser leur trajectoire de croissance.<\/p><\/div>\n                                            <div class=\"ct-tab-content \" id=\"ct_tabs-3a0fa63-8516810\"><p>Chez <strong>Concilium Expertise<\/strong>, nous accompagnons les entreprises et les investisseurs dans leurs projets de croissance externe, en leur apportant une expertise pointue en \u00e9valuation d\u2019entreprise et en due diligence.<\/p><p>Nos services sp\u00e9cialis\u00e9s incluent :<\/p><ul><li>L\u2019\u00e9valuation financi\u00e8re de soci\u00e9t\u00e9s (valorisation, goodwill, actifs incorporels),<\/li><li>Les missions de due diligence financi\u00e8re, comptable et fiscale,<\/li><li>L\u2019assistance \u00e0 la structuration juridique et fiscale des transactions,<\/li><li>Le conseil strat\u00e9gique en fusions, acquisitions, cessions et partenariats.<\/li><\/ul><p>Nous intervenons \u00e9galement aux c\u00f4t\u00e9s des investisseurs \u00e9trangers souhaitant s\u2019implanter ou se d\u00e9velopper au Maroc, en leur fournissant une analyse rigoureuse et une assistance sur les op\u00e9rations transfrontali\u00e8res, pour garantir une prise de d\u00e9cision \u00e9clair\u00e9e et une s\u00e9curisation optimale des investissements.<\/p><\/div>\n                                    <\/div>\n            <\/div>\n            \t\t\t\t<\/div>\n\t\t\t\t<\/div>\n\t\t            <\/div>\n        <\/div>\n                    <\/div>\n        <\/section>\n        \t\t<\/div>\n\t\t","protected":false},"excerpt":{"rendered":"<p>Cabinet Une offre globale en comptabilit\u00e9, audit et conseil, taill\u00e9e pour votre entreprise Chez CONCILIUM EXPERTISE, nous proposons une gamme compl\u00e8te de services sp\u00e9cialis\u00e9s en expertise comptable, audit et conseil, adapt\u00e9s aux besoins pr\u00e9cis de chaque entreprise. Audit Expertise comptable Tax L\u00e9gal &#038; social Consulting Transactions Chez Concilium Expertise, cabinet d\u2019expertise comptable au Maroc, nous [&hellip;]<\/p>\n","protected":false},"author":1,"featured_media":0,"parent":0,"menu_order":0,"comment_status":"closed","ping_status":"closed","template":"","meta":{"footnotes":""},"class_list":["post-6003","page","type-page","status-publish","hentry"],"_links":{"self":[{"href":"https:\/\/sg2i.com\/concilium\/index.php\/wp-json\/wp\/v2\/pages\/6003","targetHints":{"allow":["GET"]}}],"collection":[{"href":"https:\/\/sg2i.com\/concilium\/index.php\/wp-json\/wp\/v2\/pages"}],"about":[{"href":"https:\/\/sg2i.com\/concilium\/index.php\/wp-json\/wp\/v2\/types\/page"}],"author":[{"embeddable":true,"href":"https:\/\/sg2i.com\/concilium\/index.php\/wp-json\/wp\/v2\/users\/1"}],"replies":[{"embeddable":true,"href":"https:\/\/sg2i.com\/concilium\/index.php\/wp-json\/wp\/v2\/comments?post=6003"}],"version-history":[{"count":40,"href":"https:\/\/sg2i.com\/concilium\/index.php\/wp-json\/wp\/v2\/pages\/6003\/revisions"}],"predecessor-version":[{"id":7015,"href":"https:\/\/sg2i.com\/concilium\/index.php\/wp-json\/wp\/v2\/pages\/6003\/revisions\/7015"}],"wp:attachment":[{"href":"https:\/\/sg2i.com\/concilium\/index.php\/wp-json\/wp\/v2\/media?parent=6003"}],"curies":[{"name":"wp","href":"https:\/\/api.w.org\/{rel}","templated":true}]}}