{"id":6001,"date":"2025-04-21T14:58:48","date_gmt":"2025-04-21T14:58:48","guid":{"rendered":"https:\/\/sg2i.com\/concilium\/?page_id=6001"},"modified":"2025-04-25T15:48:45","modified_gmt":"2025-04-25T15:48:45","slug":"notre-approche","status":"publish","type":"page","link":"https:\/\/sg2i.com\/concilium\/index.php\/notre-approche\/","title":{"rendered":"Notre approche"},"content":{"rendered":"\t\t<div data-elementor-type=\"wp-page\" data-elementor-id=\"6001\" class=\"elementor elementor-6001\">\n\t\t\t\t        <section class=\"elementor-section elementor-top-section elementor-element elementor-element-ed75912 elementor-section-stretched elementor-section-boxed elementor-section-height-default elementor-section-height-default ct-header-fixed-none ct-row-max-none\" data-id=\"ed75912\" data-element_type=\"section\" data-settings=\"{&quot;stretch_section&quot;:&quot;section-stretched&quot;,&quot;background_background&quot;:&quot;classic&quot;}\">\n            \n                        <div class=\"elementor-container elementor-column-gap-extended \">\n                    <div class=\"elementor-column elementor-col-100 elementor-top-column elementor-element elementor-element-4b378d8\" data-id=\"4b378d8\" data-element_type=\"column\">\n        <div class=\"elementor-widget-wrap elementor-element-populated\">\n                    \n                <section class=\"elementor-section elementor-inner-section elementor-element elementor-element-88e32c5 elementor-section-content-middle elementor-section-boxed elementor-section-height-default elementor-section-height-default ct-header-fixed-none ct-row-max-none\" data-id=\"88e32c5\" data-element_type=\"section\">\n            \n                        <div class=\"elementor-container elementor-column-gap-extended \">\n                    <div class=\"elementor-column elementor-col-50 elementor-inner-column elementor-element elementor-element-5b98e33\" data-id=\"5b98e33\" data-element_type=\"column\">\n        <div class=\"elementor-widget-wrap elementor-element-populated\">\n                    \n        \t\t<div class=\"elementor-element elementor-element-6c39a11 elementor-widget elementor-widget-ct_heading\" data-id=\"6c39a11\" data-element_type=\"widget\" data-widget_type=\"ct_heading.default\">\n\t\t\t\t<div class=\"elementor-widget-container\">\n\t\t\t\t\t<div id=\"ct_heading-6c39a11\" class=\"ct-heading h-align- sub-style2 ct-heading-left item-st-default\">\r\n\t<div class=\"ct-item--inner\">\r\n        <div class=\"ct-inline-css\"  data-css=\"\r\n            \">\r\n        <\/div>\r\n            \t\t<div class=\"item--sub-title style2 show-line\">\r\n                                                Cabinet                                                            <\/div>\r\n    \t        <h3 class=\"item--title st-default case-animate-time\" data-wow-delay=\"ms\">\r\n                        <span class=\"sp-main\">\r\n                \r\n                Une approche personnalis\u00e9e et rigoureuse pour construire ensemble votre r\u00e9ussite\r\n                \r\n                            <\/span>\r\n                    <\/h3>\r\n    <\/div>\r\n<\/div>\t\t\t\t<\/div>\n\t\t\t\t<\/div>\n\t\t            <\/div>\n        <\/div>\n                <div class=\"elementor-column elementor-col-50 elementor-inner-column elementor-element elementor-element-2f87cbf\" data-id=\"2f87cbf\" data-element_type=\"column\">\n        <div class=\"elementor-widget-wrap elementor-element-populated\">\n                    \n        \t\t<div class=\"elementor-element elementor-element-01ee96e wow fadeInRight elementor-widget elementor-widget-text-editor\" data-id=\"01ee96e\" data-element_type=\"widget\" data-widget_type=\"text-editor.default\">\n\t\t\t\t<div class=\"elementor-widget-container\">\n\t\t\t\t\t\t\t\t\t<p>Chez CONCILIUM EXPERTISE, nous adoptons une approche personnalis\u00e9e, rigoureuse et orient\u00e9e r\u00e9sultat pour accompagner efficacement chaque client. Nous croyons profond\u00e9ment que la r\u00e9ussite repose sur une relation de confiance solide et une parfaite compr\u00e9hension de vos attentes et objectifs.<\/p>\t\t\t\t\t\t\t\t<\/div>\n\t\t\t\t<\/div>\n\t\t            <\/div>\n        <\/div>\n                    <\/div>\n        <\/section>\n        \t\t<div class=\"elementor-element elementor-element-d0a9571 elementor-widget elementor-widget-ct_fancy_box_grid\" data-id=\"d0a9571\" data-element_type=\"widget\" data-widget_type=\"ct_fancy_box_grid.default\">\n\t\t\t\t<div class=\"elementor-widget-container\">\n\t\t\t\t\t    <div id=\"ct_fancy_box_grid-d0a9571\" class=\"ct-grid ct-fancy-box-grid ct-fancy-box-grid2\">\r\n        <div class=\"ct-grid-inner ct-grid-masonry row\" data-gutter=\"7\">\r\n                            <div class=\"grid-item col-xl-4 col-lg-4 col-md-6 col-sm-6 col-12\">\r\n                    <div class=\"item--inner same-height\">\r\n                                                    <div class=\"item--icon\">\r\n                                                                                            <\/div>\r\n                                                \r\n                        <h3 class=\"item--title\">    \r\n                            \u00c9coute et compr\u00e9hension approfondie                         <\/h3>\r\n                        <div class=\"item--desc\">Avant toute intervention, nous analysons minutieusement votre contexte, vos enjeux et vos ambitions afin de mieux cibler nos recommandations.<\/div>\r\n                                           <\/div>\r\n                   <div class=\"item--shadow\"><\/div>\r\n                <\/div>\r\n                            <div class=\"grid-item col-xl-4 col-lg-4 col-md-6 col-sm-6 col-12\">\r\n                    <div class=\"item--inner same-height\">\r\n                                                    <div class=\"item--icon\">\r\n                                                                                            <\/div>\r\n                                                \r\n                        <h3 class=\"item--title\">    \r\n                            Solutions sur mesure                         <\/h3>\r\n                        <div class=\"item--desc\">Parce que chaque entreprise est unique, nous concevons des services et solutions enti\u00e8rement adapt\u00e9s \u00e0 vos besoins sp\u00e9cifiques, afin d'assurer une pertinence et une efficacit\u00e9 maximales.<\/div>\r\n                                           <\/div>\r\n                   <div class=\"item--shadow\"><\/div>\r\n                <\/div>\r\n                            <div class=\"grid-item col-xl-4 col-lg-4 col-md-6 col-sm-6 col-12\">\r\n                    <div class=\"item--inner same-height\">\r\n                                                    <div class=\"item--icon\">\r\n                                                                                            <\/div>\r\n                                                \r\n                        <h3 class=\"item--title\">    \r\n                            Expertise et excellence professionnelle                         <\/h3>\r\n                        <div class=\"item--desc\">Membres reconnus de l'Ordre des Experts Comptables du Maroc, nous mobilisons toute notre expertise en comptabilit\u00e9, audit, fiscalit\u00e9 et gestion patrimoniale au profit de votre r\u00e9ussite.<\/div>\r\n                                           <\/div>\r\n                   <div class=\"item--shadow\"><\/div>\r\n                <\/div>\r\n                            <div class=\"grid-item col-xl-4 col-lg-4 col-md-6 col-sm-6 col-12\">\r\n                    <div class=\"item--inner same-height\">\r\n                                                    <div class=\"item--icon\">\r\n                                                                                            <\/div>\r\n                                                \r\n                        <h3 class=\"item--title\">    \r\n                            Engagement durable \u00e0 vos c\u00f4t\u00e9s                        <\/h3>\r\n                        <div class=\"item--desc\">Notre objectif est de construire un partenariat solide et durable, en vous accompagnant continuellement \u00e0 chaque \u00e9tape strat\u00e9gique de votre d\u00e9veloppement.<\/div>\r\n                                           <\/div>\r\n                   <div class=\"item--shadow\"><\/div>\r\n                <\/div>\r\n                            <div class=\"grid-item col-xl-4 col-lg-4 col-md-6 col-sm-6 col-12\">\r\n                    <div class=\"item--inner same-height\">\r\n                                                    <div class=\"item--icon\">\r\n                                                                                            <\/div>\r\n                                                \r\n                        <h3 class=\"item--title\">    \r\n                            Innovation et performance                         <\/h3>\r\n                        <div class=\"item--desc\">Nous mettons en \u0153uvre des outils modernes et des m\u00e9thodologies innovantes pour optimiser votre gestion financi\u00e8re et vous offrir des r\u00e9sultats tangibles et performants.<\/div>\r\n                                           <\/div>\r\n                   <div class=\"item--shadow\"><\/div>\r\n                <\/div>\r\n                            <div class=\"grid-item col-xl-4 col-lg-4 col-md-6 col-sm-6 col-12\">\r\n                    <div class=\"item--inner same-height\">\r\n                                                    <div class=\"item--icon\">\r\n                                                                                            <\/div>\r\n                                                \r\n                        <h3 class=\"item--title\">    \r\n                            Dimension internationale                         <\/h3>\r\n                        <div class=\"item--desc\">En tant que membre du r\u00e9seau international REANDA INTERNATIONAL, nous vous faisons b\u00e9n\u00e9ficier d'une expertise mondiale et d'un accompagnement international adapt\u00e9 \u00e0 vos projets transfrontaliers.<\/div>\r\n                                           <\/div>\r\n                   <div class=\"item--shadow\"><\/div>\r\n                <\/div>\r\n                        <div class=\"grid-sizer col-xl-4 col-lg-4 col-md-6 col-sm-6 col-12\"><\/div>\r\n        <\/div>\r\n    <\/div>\r\n\t\t\t\t<\/div>\n\t\t\t\t<\/div>\n\t\t            <\/div>\n        <\/div>\n                    <\/div>\n        <\/section>\n        \t\t<\/div>\n\t\t","protected":false},"excerpt":{"rendered":"<p>Cabinet Une approche personnalis\u00e9e et rigoureuse pour construire ensemble votre r\u00e9ussite Chez CONCILIUM EXPERTISE, nous adoptons une approche personnalis\u00e9e, rigoureuse et orient\u00e9e r\u00e9sultat pour accompagner efficacement chaque client. Nous croyons profond\u00e9ment que la r\u00e9ussite repose sur une relation de confiance solide et une parfaite compr\u00e9hension de vos attentes et objectifs. \u00c9coute et compr\u00e9hension approfondie Avant [&hellip;]<\/p>\n","protected":false},"author":1,"featured_media":0,"parent":0,"menu_order":0,"comment_status":"closed","ping_status":"closed","template":"","meta":{"footnotes":""},"class_list":["post-6001","page","type-page","status-publish","hentry"],"_links":{"self":[{"href":"https:\/\/sg2i.com\/concilium\/index.php\/wp-json\/wp\/v2\/pages\/6001","targetHints":{"allow":["GET"]}}],"collection":[{"href":"https:\/\/sg2i.com\/concilium\/index.php\/wp-json\/wp\/v2\/pages"}],"about":[{"href":"https:\/\/sg2i.com\/concilium\/index.php\/wp-json\/wp\/v2\/types\/page"}],"author":[{"embeddable":true,"href":"https:\/\/sg2i.com\/concilium\/index.php\/wp-json\/wp\/v2\/users\/1"}],"replies":[{"embeddable":true,"href":"https:\/\/sg2i.com\/concilium\/index.php\/wp-json\/wp\/v2\/comments?post=6001"}],"version-history":[{"count":19,"href":"https:\/\/sg2i.com\/concilium\/index.php\/wp-json\/wp\/v2\/pages\/6001\/revisions"}],"predecessor-version":[{"id":6672,"href":"https:\/\/sg2i.com\/concilium\/index.php\/wp-json\/wp\/v2\/pages\/6001\/revisions\/6672"}],"wp:attachment":[{"href":"https:\/\/sg2i.com\/concilium\/index.php\/wp-json\/wp\/v2\/media?parent=6001"}],"curies":[{"name":"wp","href":"https:\/\/api.w.org\/{rel}","templated":true}]}}