{"id":127,"date":"2019-11-02T02:32:36","date_gmt":"2019-11-02T02:32:36","guid":{"rendered":"https:\/\/demo.casethemes.net\/consultio-immigration\/?page_id=127"},"modified":"2025-04-22T16:09:03","modified_gmt":"2025-04-22T16:09:03","slug":"actualites","status":"publish","type":"page","link":"https:\/\/sg2i.com\/concilium\/index.php\/actualites\/","title":{"rendered":"Actualit\u00e9s"},"content":{"rendered":"\t\t<div data-elementor-type=\"wp-page\" data-elementor-id=\"127\" class=\"elementor elementor-127\">\n\t\t\t\t        <section class=\"elementor-section elementor-top-section elementor-element elementor-element-9549dba elementor-section-full_width elementor-section-height-default elementor-section-height-default ct-header-fixed-none ct-row-max-none\" data-id=\"9549dba\" data-element_type=\"section\">\n            \n                        <div class=\"elementor-container elementor-column-gap-default \">\n                    <div class=\"elementor-column elementor-col-100 elementor-top-column elementor-element elementor-element-fba6296\" data-id=\"fba6296\" data-element_type=\"column\">\n        <div class=\"elementor-widget-wrap elementor-element-populated\">\n                    \n        \t\t<div class=\"elementor-element elementor-element-94a4695 elementor-widget elementor-widget-ct_blog_grid\" data-id=\"94a4695\" data-element_type=\"widget\" data-widget_type=\"ct_blog_grid.default\">\n\t\t\t\t<div class=\"elementor-widget-container\">\n\t\t\t\t\t\r\n<div id=\"ct_blog_grid-94a4695\" class=\"ct-grid ct-blog-grid ct-blog-grid-layout5\" data-layout=\"masonry\" data-start-page=\"1\" data-max-pages=\"1\" data-total=\"4\" data-perpage=\"6\" data-next-link=\"\">\r\n    <div class=\"ct-grid-overlay\"><\/div>\r\n    \r\n    <div class=\"ct-grid-inner ct-grid-masonry row animate-time\" data-gutter=\"15\">\r\n                    <div class=\"grid-sizer col-xl-12 col-lg-12 col-md-12 col-sm-12 col-12\"><\/div>\r\n                                <div class=\"grid-item col-xl-12 col-lg-12 col-md-12 col-sm-12 col-12 filter-category-49\">\r\n                    <div class=\"grid-item-inner wow fadeInUp\">\r\n                                                    <div class=\"item--featured\">\r\n                                <a class=\"bg-image\" href=\"https:\/\/sg2i.com\/concilium\/index.php\/2025\/04\/22\/webinaire-sur-les-reformes-fiscales-2025-au-maroc\/\" style=\"background-image: url(https:\/\/sg2i.com\/concilium\/wp-content\/uploads\/2020\/03\/update-service-01.jpg);\"><\/a>\r\n                                                                    <div class=\"item--date\">\r\n                                        <div class=\"item--date-inner\">\r\n                                            <span>22<\/span>\r\n                                            <span>Avr<\/span>\r\n                                        <\/div>\r\n                                    <\/div>\r\n                                                            <\/div>\r\n                                                <div class=\"item--body\">\r\n                                                            <div class=\"item--category\">\r\n                                    <a href=\"https:\/\/sg2i.com\/concilium\/index.php\/category\/evenements-et-formations\/\" rel=\"tag\">\u00c9v\u00e9nements et Formations<\/a>                                <\/div>\r\n                                                        <h3 class=\"item--title\"><a href=\"https:\/\/sg2i.com\/concilium\/index.php\/2025\/04\/22\/webinaire-sur-les-reformes-fiscales-2025-au-maroc\/\">Webinaire sur les r\u00e9formes fiscales 2025 au Maroc<\/a><\/h3>\r\n                                                            <div class=\"item--content\">\r\n                                                                    <\/div>\r\n                                                                                        <div class=\"item--readmore\">\r\n                                    <a class=\"btn btn-effect\" href=\"https:\/\/sg2i.com\/concilium\/index.php\/2025\/04\/22\/webinaire-sur-les-reformes-fiscales-2025-au-maroc\/\">\r\n                                        <span>\r\n                                            En savoir plus                                        <\/span>\r\n                                        <i class=\"flaticonv2-right-arrow\"><\/i>\r\n                                    <\/a>\r\n                                <\/div>\r\n                                                    <\/div>\r\n                    <\/div>\r\n                <\/div>\r\n                            <div class=\"grid-item col-xl-12 col-lg-12 col-md-12 col-sm-12 col-12 filter-category-50\">\r\n                    <div class=\"grid-item-inner wow fadeInUp\">\r\n                                                    <div class=\"item--featured\">\r\n                                <a class=\"bg-image\" href=\"https:\/\/sg2i.com\/concilium\/index.php\/2025\/04\/22\/la-digitalisation-de-la-comptabilite-tendances-et-outils-a-adopter\/\" style=\"background-image: url(https:\/\/sg2i.com\/concilium\/wp-content\/uploads\/2019\/12\/corporate-portfolio5.jpg);\"><\/a>\r\n                                                                    <div class=\"item--date\">\r\n                                        <div class=\"item--date-inner\">\r\n                                            <span>22<\/span>\r\n                                            <span>Avr<\/span>\r\n                                        <\/div>\r\n                                    <\/div>\r\n                                                            <\/div>\r\n                                                <div class=\"item--body\">\r\n                                                            <div class=\"item--category\">\r\n                                    <a href=\"https:\/\/sg2i.com\/concilium\/index.php\/category\/digitalisation-et-comptabilite\/\" rel=\"tag\">Digitalisation et Comptabilit\u00e9<\/a>                                <\/div>\r\n                                                        <h3 class=\"item--title\"><a href=\"https:\/\/sg2i.com\/concilium\/index.php\/2025\/04\/22\/la-digitalisation-de-la-comptabilite-tendances-et-outils-a-adopter\/\">La digitalisation de la comptabilit\u00e9 : Tendances et outils \u00e0 adopter<\/a><\/h3>\r\n                                                            <div class=\"item--content\">\r\n                                                                    <\/div>\r\n                                                                                        <div class=\"item--readmore\">\r\n                                    <a class=\"btn btn-effect\" href=\"https:\/\/sg2i.com\/concilium\/index.php\/2025\/04\/22\/la-digitalisation-de-la-comptabilite-tendances-et-outils-a-adopter\/\">\r\n                                        <span>\r\n                                            En savoir plus                                        <\/span>\r\n                                        <i class=\"flaticonv2-right-arrow\"><\/i>\r\n                                    <\/a>\r\n                                <\/div>\r\n                                                    <\/div>\r\n                    <\/div>\r\n                <\/div>\r\n                            <div class=\"grid-item col-xl-12 col-lg-12 col-md-12 col-sm-12 col-12 filter-category-51\">\r\n                    <div class=\"grid-item-inner wow fadeInUp\">\r\n                                                    <div class=\"item--featured\">\r\n                                <a class=\"bg-image\" href=\"https:\/\/sg2i.com\/concilium\/index.php\/2025\/04\/22\/les-nouvelles-obligations-en-matiere-de-securite-sociale-ce-que-les-entreprises-doivent-savoir\/\" style=\"background-image: url(https:\/\/sg2i.com\/concilium\/wp-content\/uploads\/2020\/10\/bg-fancybox-01.jpg);\"><\/a>\r\n                                                                    <div class=\"item--date\">\r\n                                        <div class=\"item--date-inner\">\r\n                                            <span>22<\/span>\r\n                                            <span>Avr<\/span>\r\n                                        <\/div>\r\n                                    <\/div>\r\n                                                            <\/div>\r\n                                                <div class=\"item--body\">\r\n                                                            <div class=\"item--category\">\r\n                                    <a href=\"https:\/\/sg2i.com\/concilium\/index.php\/category\/actualites-sociales-et-ressources-humaines\/\" rel=\"tag\">Actualit\u00e9s Sociales et Ressources Humaines<\/a>                                <\/div>\r\n                                                        <h3 class=\"item--title\"><a href=\"https:\/\/sg2i.com\/concilium\/index.php\/2025\/04\/22\/les-nouvelles-obligations-en-matiere-de-securite-sociale-ce-que-les-entreprises-doivent-savoir\/\">Les nouvelles obligations en mati\u00e8re de s\u00e9curit\u00e9 sociale : Ce que les entreprises doivent savoir<\/a><\/h3>\r\n                                                            <div class=\"item--content\">\r\n                                                                    <\/div>\r\n                                                                                        <div class=\"item--readmore\">\r\n                                    <a class=\"btn btn-effect\" href=\"https:\/\/sg2i.com\/concilium\/index.php\/2025\/04\/22\/les-nouvelles-obligations-en-matiere-de-securite-sociale-ce-que-les-entreprises-doivent-savoir\/\">\r\n                                        <span>\r\n                                            En savoir plus                                        <\/span>\r\n                                        <i class=\"flaticonv2-right-arrow\"><\/i>\r\n                                    <\/a>\r\n                                <\/div>\r\n                                                    <\/div>\r\n                    <\/div>\r\n                <\/div>\r\n                            <div class=\"grid-item col-xl-12 col-lg-12 col-md-12 col-sm-12 col-12 filter-category-48\">\r\n                    <div class=\"grid-item-inner wow fadeInUp\">\r\n                                                    <div class=\"item--featured\">\r\n                                <a class=\"bg-image\" href=\"https:\/\/sg2i.com\/concilium\/index.php\/2025\/04\/22\/reformes-fiscales-recentes-impact-sur-les-entreprises-marocaines\/\" style=\"background-image: url(https:\/\/sg2i.com\/concilium\/wp-content\/uploads\/2019\/11\/ud-blog1.jpg);\"><\/a>\r\n                                                                    <div class=\"item--date\">\r\n                                        <div class=\"item--date-inner\">\r\n                                            <span>22<\/span>\r\n                                            <span>Avr<\/span>\r\n                                        <\/div>\r\n                                    <\/div>\r\n                                                            <\/div>\r\n                                                <div class=\"item--body\">\r\n                                                            <div class=\"item--category\">\r\n                                    <a href=\"https:\/\/sg2i.com\/concilium\/index.php\/category\/actualites-fiscales-et-legales\/\" rel=\"tag\">Actualit\u00e9s Fiscales et L\u00e9gales<\/a>                                <\/div>\r\n                                                        <h3 class=\"item--title\"><a href=\"https:\/\/sg2i.com\/concilium\/index.php\/2025\/04\/22\/reformes-fiscales-recentes-impact-sur-les-entreprises-marocaines\/\">R\u00e9formes fiscales r\u00e9centes : Impact sur les entreprises marocaines<\/a><\/h3>\r\n                                                            <div class=\"item--content\">\r\n                                                                    <\/div>\r\n                                                                                        <div class=\"item--readmore\">\r\n                                    <a class=\"btn btn-effect\" href=\"https:\/\/sg2i.com\/concilium\/index.php\/2025\/04\/22\/reformes-fiscales-recentes-impact-sur-les-entreprises-marocaines\/\">\r\n                                        <span>\r\n                                            En savoir plus                                        <\/span>\r\n                                        <i class=\"flaticonv2-right-arrow\"><\/i>\r\n                                    <\/a>\r\n                                <\/div>\r\n                                                    <\/div>\r\n                    <\/div>\r\n                <\/div>\r\n                <\/div>\r\n        <\/div>\t\t\t\t<\/div>\n\t\t\t\t<\/div>\n\t\t            <\/div>\n        <\/div>\n                    <\/div>\n        <\/section>\n        \t\t<\/div>\n\t\t","protected":false},"excerpt":{"rendered":"<p>05 Nov Business How Stay Calm from the First Time. As a app web crawler expert, help organizations adjust to the of the internet promoting. Far away, behind the word. En savoir plus 05 Nov Strategy Why You\u2019ll Never Succeed at 7 Habits. As a app web crawler expert, help organizations adjust to the of [&hellip;]<\/p>\n","protected":false},"author":1,"featured_media":0,"parent":0,"menu_order":0,"comment_status":"closed","ping_status":"closed","template":"","meta":{"footnotes":""},"class_list":["post-127","page","type-page","status-publish","hentry"],"_links":{"self":[{"href":"https:\/\/sg2i.com\/concilium\/index.php\/wp-json\/wp\/v2\/pages\/127","targetHints":{"allow":["GET"]}}],"collection":[{"href":"https:\/\/sg2i.com\/concilium\/index.php\/wp-json\/wp\/v2\/pages"}],"about":[{"href":"https:\/\/sg2i.com\/concilium\/index.php\/wp-json\/wp\/v2\/types\/page"}],"author":[{"embeddable":true,"href":"https:\/\/sg2i.com\/concilium\/index.php\/wp-json\/wp\/v2\/users\/1"}],"replies":[{"embeddable":true,"href":"https:\/\/sg2i.com\/concilium\/index.php\/wp-json\/wp\/v2\/comments?post=127"}],"version-history":[{"count":16,"href":"https:\/\/sg2i.com\/concilium\/index.php\/wp-json\/wp\/v2\/pages\/127\/revisions"}],"predecessor-version":[{"id":6366,"href":"https:\/\/sg2i.com\/concilium\/index.php\/wp-json\/wp\/v2\/pages\/127\/revisions\/6366"}],"wp:attachment":[{"href":"https:\/\/sg2i.com\/concilium\/index.php\/wp-json\/wp\/v2\/media?parent=127"}],"curies":[{"name":"wp","href":"https:\/\/api.w.org\/{rel}","templated":true}]}}